{"id":1186,"date":"2025-03-27T18:07:32","date_gmt":"2025-03-27T17:07:32","guid":{"rendered":"https:\/\/f25.tax\/?page_id=1186"},"modified":"2025-05-22T20:16:10","modified_gmt":"2025-05-22T18:16:10","slug":"impressum","status":"publish","type":"page","link":"https:\/\/f25.tax\/?page_id=1186","title":{"rendered":"Impressum"},"content":{"rendered":"\t\t<div data-elementor-type=\"wp-page\" data-elementor-id=\"1186\" class=\"elementor elementor-1186\" data-elementor-post-type=\"page\">\n\t\t\t\t<div class=\"elementor-element elementor-element-78d0360 e-flex e-con-boxed e-con e-parent\" data-id=\"78d0360\" data-element_type=\"container\" data-e-type=\"container\" data-settings=\"{&quot;background_background&quot;:&quot;classic&quot;,&quot;jet_parallax_layout_list&quot;:[]}\">\n\t\t\t\t\t<div class=\"e-con-inner\">\n\t\t\t\t<div class=\"elementor-element elementor-element-e337627 elementor-widget elementor-widget-spacer\" data-id=\"e337627\" data-element_type=\"widget\" data-e-type=\"widget\" data-widget_type=\"spacer.default\">\n\t\t\t\t<div class=\"elementor-widget-container\">\n\t\t\t\t\t\t\t<div class=\"elementor-spacer\">\n\t\t\t<div class=\"elementor-spacer-inner\"><\/div>\n\t\t<\/div>\n\t\t\t\t\t\t<\/div>\n\t\t\t\t<\/div>\n\t\t\t\t<div class=\"elementor-element elementor-element-d8f9fd9 elementor-widget-divider--view-line elementor-invisible elementor-widget elementor-widget-divider\" data-id=\"d8f9fd9\" data-element_type=\"widget\" data-e-type=\"widget\" data-settings=\"{&quot;_animation&quot;:&quot;fadeInUp&quot;}\" data-widget_type=\"divider.default\">\n\t\t\t\t<div class=\"elementor-widget-container\">\n\t\t\t\t\t\t\t<div class=\"elementor-divider\">\n\t\t\t<span class=\"elementor-divider-separator\">\n\t\t\t\t\t\t<\/span>\n\t\t<\/div>\n\t\t\t\t\t\t<\/div>\n\t\t\t\t<\/div>\n\t\t\t\t<div class=\"elementor-element elementor-element-b91fbe7 elementor-widget elementor-widget-heading\" data-id=\"b91fbe7\" data-element_type=\"widget\" data-e-type=\"widget\" data-widget_type=\"heading.default\">\n\t\t\t\t<div class=\"elementor-widget-container\">\n\t\t\t\t\t<h2 class=\"elementor-heading-title elementor-size-default\">Impressum<\/h2>\t\t\t\t<\/div>\n\t\t\t\t<\/div>\n\t\t\t\t<div class=\"elementor-element elementor-element-9837df1 elementor-widget elementor-widget-text-editor\" data-id=\"9837df1\" data-element_type=\"widget\" data-e-type=\"widget\" data-widget_type=\"text-editor.default\">\n\t\t\t\t<div class=\"elementor-widget-container\">\n\t\t\t\t\t\t\t\t\t<p><b>Kontakt<\/b><\/p><p>F25 Steuerberater GmbH<br \/>Erich-Steinfurth-Stra\u00dfe 6<br \/>10243 Berlin<\/p><p>+49 30 54703860<br \/>info@f25.tax<\/p><p><b>Impressum<\/b><\/p><p><b>Angaben gem\u00e4\u00df \u00a7 5 TMG<\/b><\/p><p>F25 Steuerberater GmbH<br \/>Erich-Steinfurth-Stra\u00dfe 6<br \/>10243 Berlin<\/p><p>+49 30 54703860<br \/>info@f25.tax<br \/>www.f25.tax<\/p><p>Gesch\u00e4ftsf\u00fchrer:<span class=\"Apple-converted-space\">\u00a0 <\/span>Florian Zepter, Florian Fiedler<span class=\"Apple-converted-space\">\u00a0<\/span><\/p><p>Sitz der Gesellschaft: Berlin<br \/>AG Charlottenburg: HRB 269990 B<b> <\/b><br \/>Steuernummer: 37\/296\/50833<br \/>Umsatzsteueridentifikationsnummer: DE451849483<\/p><p>(nachfolgend auch \u201eF25\u201c)<\/p><p><strong>Inhaltlich verantwortlich<\/strong><\/p><p>Verantwortlicher Diensteanbieter i.S.v. \u00a7 5 TMG f\u00fcr \u201ewww.f25.tax\u201c sind Florian Zepter und Florian Fiedler c\/o F25 Steuerberater GmbH, Erich-Steinfurth-Stra\u00dfe 6, 10243 Berlin.<\/p><p><strong>Berufshaftpflichtversicherung<\/strong><\/p><p>Die Berufshaftpflichtversicherung besteht mit Geltungsbereich f\u00fcr die Mitgliedsl\u00e4nder der Europ\u00e4ischen Union \u00fcber die HDI Versicherung AG, HDI Platz 1, 30659 Hannover und gen\u00fcgt den Anforderungen des \u00a7 67 Steuerberatungsgesetz (StBerG).<\/p><p><strong>Zulassung, Berufsbezeichnung, Aufsichtsbeh\u00f6rde<\/strong><\/p><p>S\u00e4mtliche bei F25 t\u00e4tigen Steuerberater und Steuerberaterinnen sind in der Bundesrepublik Deutschland zugelassen und geh\u00f6ren der Steuerberaterkammer Berlin an.<br \/>Die zust\u00e4ndige Aufsichtsbeh\u00f6rde f\u00fcr alle bei F25 t\u00e4tigen Steuerberater und Steuerberaterinnen ist die Steuerberaterkammer Berlin, Wichmannstra\u00dfe 6, 10787 Berlin.<\/p><p><strong>Berufsrechtliche Regelungen<\/strong><\/p><p>F\u00fcr die Steuerberater und Steuerberaterinnen gelten die folgenden berufsrechtlichen Vorschriften:<\/p><p>\u2022Steuerberatungsgesetz (StBerG),<\/p><p>\u2022Durchf\u00fchrungsverordnung zum Steuerberatungsgesetz (DVStB),<\/p><p>\u2022Berufsordnung der Steuerberater (BOStB),<\/p><p>\u2022Steuerberaterverg\u00fctungsverordnung (StBVV).<\/p><p>Diese Regelungen k\u00f6nnen auf den Websites der zust\u00e4ndigen Steuerberaterkammer oder der Bundessteuerberaterkammer unter <a href=\"https:\/\/www.bstbk.de\">www.bstbk.de<\/a> eingesehen werden.<span class=\"Apple-converted-space\">\u00a0<\/span><\/p><p><strong>Genderspezifische Formulierungen<\/strong><\/p><p>Aus Gr\u00fcnden der besseren Lesbarkeit wird auf dieser Website die m\u00e4nnliche Form verwendet. Diese bezieht sich jedoch gleicherma\u00dfen auf alle Geschlechter (m\u00e4nnlich, weiblich, divers).<\/p><p><strong>Urheberrecht<\/strong><\/p><p>Das Urheberrecht an den Inhalten dieser Website oder an Teilen davon liegt bei F25 oder bei demjenigen, dem F25 ein entsprechendes Nutzungsrecht einger\u00e4umt hat. Einzelne Seiten d\u00fcrfen zum ausschlie\u00dflichen Gebrauch innerhalb Ihres Unternehmens heruntergeladen, vor\u00fcbergehend gespeichert oder gedruckt werden.<\/p><p><strong>Haftungsausschluss (Disclaimer)<\/strong><\/p><p>Die auf dieser Website enthaltenen Angaben stellen keine Rechtsberatung dar. Sie dienen lediglich der Information des Nutzers. F25 hat die Angaben sorgf\u00e4ltig gepr\u00fcft. F\u00fcr die Richtigkeit, Vollst\u00e4ndigkeit und Aktualit\u00e4t der Inhalte kann F25 jedoch keine Gew\u00e4hr oder Haftung \u00fcbernehmen. Soweit diese Webseite Links zu externen Websites enth\u00e4lt, auf deren Inhalte F25 keinen Einfluss hat, wird f\u00fcr diese ebenfalls keine Haftung \u00fcbernommen. Das Einpflegen externer Links stellt weder ein Best\u00e4tigen oder Billigen des entsprechenden Inhalts der verlinkten Seiten dar. F25 macht sich die Inhalte extern verlinkter Websites nicht zu Eigen.<\/p>\t\t\t\t\t\t\t\t<\/div>\n\t\t\t\t<\/div>\n\t\t\t\t<div class=\"elementor-element elementor-element-b589c6e elementor-widget elementor-widget-spacer\" data-id=\"b589c6e\" data-element_type=\"widget\" data-e-type=\"widget\" data-widget_type=\"spacer.default\">\n\t\t\t\t<div class=\"elementor-widget-container\">\n\t\t\t\t\t\t\t<div class=\"elementor-spacer\">\n\t\t\t<div class=\"elementor-spacer-inner\"><\/div>\n\t\t<\/div>\n\t\t\t\t\t\t<\/div>\n\t\t\t\t<\/div>\n\t\t\t\t\t<\/div>\n\t\t\t\t<\/div>\n\t\t\t\t<\/div>\n\t\t","protected":false},"excerpt":{"rendered":"<p>Impressum Kontakt F25 Steuerberater GmbHErich-Steinfurth-Stra\u00dfe 610243 Berlin +49 30 54703860info@f25.tax Impressum Angaben gem\u00e4\u00df \u00a7 5 TMG F25 Steuerberater GmbHErich-Steinfurth-Stra\u00dfe 610243 Berlin +49 30 54703860info@f25.taxwww.f25.tax Gesch\u00e4ftsf\u00fchrer:\u00a0 Florian Zepter, Florian Fiedler\u00a0 Sitz der Gesellschaft: BerlinAG Charlottenburg: HRB 269990 B Steuernummer: 37\/296\/50833Umsatzsteueridentifikationsnummer: DE451849483 (nachfolgend auch \u201eF25\u201c) Inhaltlich verantwortlich Verantwortlicher Diensteanbieter i.S.v. \u00a7 5 TMG f\u00fcr \u201ewww.f25.tax\u201c sind Florian [&hellip;]<\/p>\n","protected":false},"author":1,"featured_media":0,"parent":0,"menu_order":0,"comment_status":"closed","ping_status":"closed","template":"elementor_header_footer","meta":{"footnotes":""},"class_list":["post-1186","page","type-page","status-publish","hentry"],"_links":{"self":[{"href":"https:\/\/f25.tax\/index.php?rest_route=\/wp\/v2\/pages\/1186","targetHints":{"allow":["GET"]}}],"collection":[{"href":"https:\/\/f25.tax\/index.php?rest_route=\/wp\/v2\/pages"}],"about":[{"href":"https:\/\/f25.tax\/index.php?rest_route=\/wp\/v2\/types\/page"}],"author":[{"embeddable":true,"href":"https:\/\/f25.tax\/index.php?rest_route=\/wp\/v2\/users\/1"}],"replies":[{"embeddable":true,"href":"https:\/\/f25.tax\/index.php?rest_route=%2Fwp%2Fv2%2Fcomments&post=1186"}],"version-history":[{"count":19,"href":"https:\/\/f25.tax\/index.php?rest_route=\/wp\/v2\/pages\/1186\/revisions"}],"predecessor-version":[{"id":1511,"href":"https:\/\/f25.tax\/index.php?rest_route=\/wp\/v2\/pages\/1186\/revisions\/1511"}],"wp:attachment":[{"href":"https:\/\/f25.tax\/index.php?rest_route=%2Fwp%2Fv2%2Fmedia&parent=1186"}],"curies":[{"name":"wp","href":"https:\/\/api.w.org\/{rel}","templated":true}]}}