{"id":816,"date":"2025-03-04T10:18:29","date_gmt":"2025-03-04T09:18:29","guid":{"rendered":"https:\/\/f25.tax\/?page_id=816"},"modified":"2025-03-28T11:59:49","modified_gmt":"2025-03-28T10:59:49","slug":"datenschutz","status":"publish","type":"page","link":"https:\/\/f25.tax\/?page_id=816","title":{"rendered":"Datenschutz"},"content":{"rendered":"\t\t<div data-elementor-type=\"wp-page\" data-elementor-id=\"816\" class=\"elementor elementor-816\" data-elementor-post-type=\"page\">\n\t\t\t\t<div class=\"elementor-element elementor-element-0a811c3 e-flex e-con-boxed e-con e-parent\" data-id=\"0a811c3\" data-element_type=\"container\" data-e-type=\"container\" data-settings=\"{&quot;background_background&quot;:&quot;classic&quot;,&quot;jet_parallax_layout_list&quot;:[]}\">\n\t\t\t\t\t<div class=\"e-con-inner\">\n\t\t\t\t<div class=\"elementor-element elementor-element-af901a0 elementor-widget elementor-widget-spacer\" data-id=\"af901a0\" data-element_type=\"widget\" data-e-type=\"widget\" data-widget_type=\"spacer.default\">\n\t\t\t\t<div class=\"elementor-widget-container\">\n\t\t\t\t\t\t\t<div class=\"elementor-spacer\">\n\t\t\t<div class=\"elementor-spacer-inner\"><\/div>\n\t\t<\/div>\n\t\t\t\t\t\t<\/div>\n\t\t\t\t<\/div>\n\t\t\t\t<div class=\"elementor-element elementor-element-f7b1b59 elementor-widget-divider--view-line elementor-invisible elementor-widget elementor-widget-divider\" data-id=\"f7b1b59\" data-element_type=\"widget\" data-e-type=\"widget\" data-settings=\"{&quot;_animation&quot;:&quot;fadeInUp&quot;}\" data-widget_type=\"divider.default\">\n\t\t\t\t<div class=\"elementor-widget-container\">\n\t\t\t\t\t\t\t<div class=\"elementor-divider\">\n\t\t\t<span class=\"elementor-divider-separator\">\n\t\t\t\t\t\t<\/span>\n\t\t<\/div>\n\t\t\t\t\t\t<\/div>\n\t\t\t\t<\/div>\n\t\t\t\t<div class=\"elementor-element elementor-element-12d15a8 elementor-widget elementor-widget-heading\" data-id=\"12d15a8\" data-element_type=\"widget\" data-e-type=\"widget\" data-widget_type=\"heading.default\">\n\t\t\t\t<div class=\"elementor-widget-container\">\n\t\t\t\t\t<h2 class=\"elementor-heading-title elementor-size-default\">Datenschutzerkl\u00e4rung<\/h2>\t\t\t\t<\/div>\n\t\t\t\t<\/div>\n\t\t\t\t<div class=\"elementor-element elementor-element-36038f4 elementor-widget elementor-widget-text-editor\" data-id=\"36038f4\" data-element_type=\"widget\" data-e-type=\"widget\" data-widget_type=\"text-editor.default\">\n\t\t\t\t<div class=\"elementor-widget-container\">\n\t\t\t\t\t\t\t\t\t<p><b>1. Name und Kontaktdaten des f\u00fcr die Verarbeitung Verantwortlichen sowie des betrieblichen Datenschutzbeauftragten<\/b><\/p><p>Verantwortlicher f\u00fcr die Datenverarbeitung im Sinne des Art. 4 Nr. 7 DSGVO ist:<\/p><p>F25 Steuerberater GmbH<br \/>Erich-Steinfurth-Stra\u00dfe 6<br \/>10243 Berlin<\/p><p>T. +49 30 54703860<\/p><p><b>2. Erhebung und Speicherung personenbezogener Daten sowie Art und Zweck von deren Verwendung<\/b><\/p><p>Beim Besuch der Website Beim Aufrufen unserer Website www.f25.tax werden durch den auf Ihrem Endger\u00e4t zum Einsatz kommenden Browser automatisch Informationen an den Server unserer Website gesendet. Diese Informationen werden tempor\u00e4r in einem sog. Logfile gespeichert. Folgende Informationen werden dabei ohne Ihr Zutun erfasst und bis zur automatisierten L\u00f6schung gespeichert:<\/p><p>\u2022IP-Adresse des anfragenden Rechners bzw. Endger\u00e4tes,<\/p><p>\u2022Datum und Uhrzeit des Zugriffs,<\/p><p>\u2022Name und URL der abgerufenen Datei,<\/p><p>\u2022Website, von der aus der Zugriff erfolgt (Referrer-URL),<\/p><p>\u2022verwendeter Browser und ggf. das Betriebssystem Ihres Rechners sowie der Name Ihres Access-Providers.<\/p><p>Die genannten Daten werden durch uns zu folgenden Zwecken verarbeitet:<\/p><p>\u2022Gew\u00e4hrleistung eines reibungslosen Verbindungsaufbaus der Website,<\/p><p>\u2022Gew\u00e4hrleistung einer komfortablen Nutzung unserer Website,<\/p><p>\u2022Auswertung der Systemsicherheit und -stabilit\u00e4t sowie<\/p><p>\u2022zu weiteren administrativen Zwecken.<\/p><p>Die Rechtsgrundlage f\u00fcr die Datenverarbeitung ist Art. 6 Abs. 1 S. 1 Buchst. f) DSGVO. Unser berechtigtes Interesse folgt aus oben aufgelisteten Zwecken zur Datenerhebung. Die Logfiles werden nach dem Ende der jeweiligen Browser-Sitzung gel\u00f6scht, sp\u00e4testens nach sieben Tagen, es sei denn, ihre weitere Speicherung ist f\u00fcr die oben genannten Zwecke erforderlich. Dar\u00fcber hinaus setzen wir beim Besuch unserer Website Cookies sowie Analysedienste ein. N\u00e4here Erl\u00e4uterungen dazu erhalten Sie in Ziffer 5 dieser Datenschutzinformation. Bei Ihren Anfragen Bei Fragen jeglicher Art bieten wir Ihnen die M\u00f6glichkeit, mit uns per E-Mail, Telefon oder Telefax Kontakt aufzunehmen. Ihre dabei \u00fcbermittelten personenbezogenen Daten verarbeiten wir auf Grundlage von Art. 6 Abs. 1 S. 1 Buchst. b) DSGVO (Anfragen im Rahmen eines Mandatsverh\u00e4ltnisses oder sonstigen Vertrages oder zur Anbahnung eines Vertrages) bzw. Art. 6 Abs. 1 S. 1 Buchst. f) DSGVO (Anfragen au\u00dferhalb eines Vertrages und der Anbahnung eines Vertrages). Unser berechtigtes Interesse ist dabei, Ihre Anfragen zu beantworten. Kontaktformular Sie k\u00f6nnen \u00fcber ein Online-Kontaktformular auf der Webseite Nachrichten an die Kanzlei \u00fcbermitteln. Um eine Antwort empfangen zu k\u00f6nnen, ist zumindest die Angabe einer g\u00fcltigen E-Mail-Adresse sowie des Vor- und Nachnamens erforderlich. Alle weiteren Angaben k\u00f6nnen Sie freiwillig geben. Mit Absenden der Nachricht \u00fcber das Kontaktformular willigen Sie in die Verarbeitung der \u00fcbermittelten personenbezogenen Daten ein. Die Datenverarbeitung erfolgt ausschlie\u00dflich zu dem Zweck der Abwicklung und Beantwortung von Anfragen \u00fcber das Kontaktformular. Dies geschieht auf Basis der freiwillig erteilten Einwilligung gem. Art. 6 Abs. 1 Satz 1 Buchst. a) DSGVO. Die f\u00fcr die Benutzung des Kontaktformulars erhobenen personenbezogenen Daten werden gel\u00f6scht, sobald die Anfrage erledigt ist und keine Gr\u00fcnde f\u00fcr eine weitere Aufbewahrung gegeben sind (z. B. anschlie\u00dfende Beauftragung unserer Kanzlei).<\/p><p><b>3. Weitergabe von Daten<\/b><\/p><p>Eine \u00dcbermittlung Ihrer pers\u00f6nlichen Daten an Dritte zu anderen als den im Folgenden aufgef\u00fchrten Zwecken findet nicht statt. Wir geben Ihre pers\u00f6nlichen Daten nur an Dritte weiter, wenn:<\/p><p>\u2022Sie Ihre nach Art. 6 Abs. 1 S. 1 Buchst. a) DSGVO ausdr\u00fcckliche Einwilligung dazu erteilt haben,<\/p><p>\u2022die Weitergabe nach Art. 6 Abs. 1 S. 1 Buchst. f) DSGVO zur Geltendmachung, Aus\u00fcbung oder Verteidigung von Rechtsanspr\u00fcchen erforderlich ist und kein Grund zur Annahme besteht, dass Sie ein \u00fcberwiegendes schutzw\u00fcrdiges Interesse an der Nichtweitergabe Ihrer Daten haben,<\/p><p>\u2022f\u00fcr den Fall, dass f\u00fcr die Weitergabe nach Art. 6 Abs. 1 S. 1 Buchst. c) DSGVO eine gesetzliche Verpflichtung besteht, sowie<\/p><p>\u2022dies gesetzlich zul\u00e4ssig und nach Art. 6 Abs. 1 S. 1 Buchst. b) DSGVO f\u00fcr die Abwicklung von Vertragsverh\u00e4ltnissen mit Ihnen erforderlich ist.<\/p><p><b>4. Speicherdauer von Daten<\/b><\/p><p>Soweit erforderlich, verarbeiten und speichern wir Ihre personenbezogenen Daten f\u00fcr die Dauer unserer Gesch\u00e4ftsbeziehung, was beispielsweise auch die Anbahnung und die Abwicklung eines Mandatsverh\u00e4ltnisses oder sonstigen Vertrages umfasst. Dabei ist zu beachten, dass unsere Gesch\u00e4ftsbeziehung in der Regel ein Dauerschuldverh\u00e4ltnis ist, welches auf mehrere Jahre angelegt ist. Dar\u00fcber hinaus unterliegen wir verschiedenen Aufbewahrungs- und Dokumentationspflichten, die sich unter anderem aus dem Handelsgesetzbuch (HGB) und der Abgabenordnung (AO) ergeben. Die dort vorgegebenen Fristen zur Aufbewahrung bzw. Dokumentation betragen 6 Jahre f\u00fcr Korrespondenz im Zusammenhang mit einem Vertragsschluss und 10 Jahre f\u00fcr Buchungsbelege (\u00a7\u00a7 238, 257 Abs. 1 und 4 HGB, \u00a7 147 Abs. 1 und 3 AO). Schlie\u00dflich beurteilt sich die Speicherdauer auch nach den gesetzlichen Verj\u00e4hrungsfristen, die zum Beispiel nach den \u00a7\u00a7 195 ff. des B\u00fcrgerlichen Gesetzbuches (BGB) in der Regel drei Jahre, in gewissen F\u00e4llen aber auch bis zu drei\u00dfig Jahre betragen k\u00f6nnen. Nach Ablauf der Aufbewahrungs- und Dokumentationspflichten sowie der ma\u00dfgeblichen Verj\u00e4hrungsfristen l\u00f6schen wir die Daten. Logfiles und Cookies werden innerhalb der in Ziffern 1 und 5 genannten Fristen gel\u00f6scht.<\/p><p><b>5. Cookies<\/b><\/p><p>Wir setzen auf unserer Seite Cookies ein. In dem Cookie werden Informationen abgelegt, die sich jeweils im Zusammenhang mit dem spezifisch eingesetzten Endger\u00e4t ergeben. Dies bedeutet jedoch nicht, dass wir dadurch unmittelbar Kenntnis von Ihrer Identit\u00e4t erhalten. Der Einsatz von Cookies dient einerseits dazu, die Nutzung unseres Angebots f\u00fcr Sie angenehmer zu gestalten. So setzen wir sogenannte Session-Cookies ein, um zu erkennen, dass Sie einzelne Seiten unserer Website bereits besucht haben. Diese werden nach Verlassen unserer Seite automatisch gel\u00f6scht. Dar\u00fcber hinaus setzen wir ebenfalls zur Optimierung der Benutzerfreundlichkeit tempor\u00e4re Cookies ein, die f\u00fcr einen bestimmten festgelegten Zeitraum auf Ihrem Endger\u00e4t gespeichert werden. Die durch Cookies verarbeiteten Daten sind f\u00fcr die genannten Zwecke zur Wahrung unserer berechtigten Interessen sowie der Dritter nach Art. 6 Abs. 1 S. 1 Buchst. f) DSGVO erforderlich. Wenn Sie auf unserer Website eingewilligt haben, setzen wir zudem Cookies ein, um die Nutzung unserer Website statistisch zu erfassen und zum Zwecke der Optimierung unseres Angebotes f\u00fcr Sie auszuwerten (hierzu sogleich). Diese Cookies erm\u00f6glichen es uns, bei einem erneuten Besuch unserer Seite automatisch zu erkennen, dass Sie bereits bei uns waren. Diese Cookies werden nach einer jeweils definierten Zeit (14 Monate) automatisch gel\u00f6scht.<\/p><p><b>6. Social-Media-Plugins<\/b><\/p><p>Wir setzen auf unserer Website Social-Media-Plugins der folgenden Anbieter ein: LinkedIn Corporation, 2029 Stierlin Court, Mountain View, California 94043, USA (\u201cLinkedIn\u201d). Wir nutzen dabei die sog. Shariff-L\u00f6sung. Das hei\u00dft, wenn Sie unsere Website besuchen, werden zun\u00e4chst grunds\u00e4tzlich keine personenbezogenen Daten an die Anbieter der Plugins weitergegeben. Den Anbieter des Plugins erkennen Sie an der Bezeichnung des jeweiligen Plugins und dem Logo. Wir er\u00f6ffnen Ihnen die M\u00f6glichkeit, \u00fcber den Button direkt mit dem Anbieter des Plugins zu kommunizieren. Nur wenn Sie auf den Button klicken und ihn dadurch aktivieren, erh\u00e4lt der Plugin-Anbieter die Information, dass Sie die entsprechende Website unseres Online-Angebots aufgerufen haben. Durch die Aktivierung des Plugins werden also personenbezogene Daten von Ihnen an den jeweiligen Plugin-Anbieter \u00fcbermittelt und dort (bei US-amerikanischen Anbietern in den USA) gespeichert. Die \u00dcbermittlung Ihrer Informationen an ein Drittland au\u00dferhalb der EU ist durch einen Angemessenheitsbeschluss der Kommission (C\/2016\/4176 vom 12. Juli 2016) im Sinne des Art. 45 DSGVO gedeckt, denn LinkedIn hat sich dem EU-US-Privacy-Shield unterworfen. Da der Plugin-Anbieter die Datenerhebung insbesondere \u00fcber Cookies vornimmt, empfehlen wir Ihnen, vor dem Klick auf den Button \u00fcber die Sicherheitseinstellungen Ihres Browsers alle Cookies zu l\u00f6schen. Wir haben weder Einfluss auf die erhobenen Daten und Datenverarbeitungsvorg\u00e4nge, noch sind uns der volle Umfang der Datenerhebung, die Zwecke der Verarbeitung, die Speicherfristen bekannt. Auch zur L\u00f6schung der erhobenen Daten durch den Plugin-Anbieter liegen uns keine Informationen vor. Der Plugin-Anbieter speichert die \u00fcber Sie erhobenen Daten als Nutzungsprofile und nutzt diese f\u00fcr Zwecke der Werbung, Marktforschung und\/oder bedarfsgerechten Gestaltung seiner Website. Eine solche Auswertung erfolgt insbesondere (auch f\u00fcr nicht eingeloggte Nutzer) zur Darstellung von bedarfsgerechter Werbung und um andere Nutzer des sozialen Netzwerks \u00fcber Ihre Aktivit\u00e4ten auf unserer Website zu informieren. Ihnen steht ein Widerspruchsrecht gegen die Bildung dieser Nutzerprofile zu, wobei Sie sich zur Aus\u00fcbung dessen an den jeweiligen Plugin-Anbieter wenden m\u00fcssen. \u00dcber die Plugins bieten wir Ihnen die M\u00f6glichkeit, mit den sozialen Netzwerken und anderen Nutzern zu interagieren, so dass wir unser Angebot verbessern und f\u00fcr Sie als Nutzer interessanter ausgestalten k\u00f6nnen. Rechtsgrundlage f\u00fcr die Nutzung der Plugins ist Art. 6 Abs. 1 S. 1 Buchst. f) DSGVO. Die Plugins dienen dazu, unsere Kanzlei \u00fcber ausgew\u00e4hlte Social-Media-Kan\u00e4le bekannter zu machen. Dieser werbliche Zweck ist unser berechtigtes Interesse an der Datenverarbeitung, die Sie zudem selbst durch eine bewusste Handlung (Klick auf den Button) ausl\u00f6sen. Die Datenweitergabe erfolgt unabh\u00e4ngig davon, ob Sie ein Konto bei dem Plugin-Anbieter besitzen und dort eingeloggt sind. Wenn Sie bei dem Plugin-Anbieter eingeloggt sind, werden Ihre bei uns erhobenen Daten direkt Ihrem beim Plugin-Anbieter bestehenden Konto zugeordnet. Wenn Sie den aktivierten Button bet\u00e4tigen und z. B. die Seite verlinken, speichert der Plugin-Anbieter auch diese Information in Ihrem Nutzerkonto und teilt sie Ihren Kontakten \u00f6ffentlich mit. Wir empfehlen Ihnen, sich nach Nutzung eines sozialen Netzwerks regelm\u00e4\u00dfig auszuloggen, insbesondere jedoch vor Aktivierung des Buttons, da Sie so eine Zuordnung zu Ihrem Profil bei dem Plugin-Anbieter vermeiden k\u00f6nnen. Weitere Informationen zu Zweck und Umfang der Datenerhebung und ihrer Verarbeitung durch den Plugin-Anbieter erhalten Sie in den im Folgenden mitgeteilten Datenschutzerkl\u00e4rungen dieser Anbieter. Dort erhalten Sie auch weitere Informationen zu Ihren diesbez\u00fcglichen Rechten und Einstellungsm\u00f6glichkeiten zum Schutze Ihrer Privatsph\u00e4re. LinkedIn: <a href=\"https:\/\/www.linkedin.com\/legal\/privacy-policy\">https:\/\/www.linkedin.com\/legal\/privacy-policy<\/a><\/p><p><b>7. Google Maps<\/b><\/p><p>Wir setzen auf unserer Webseite ein Plugin des Internetdienstes Google Maps ein. Betreiber von Google Maps ist Google Inc., ans\u00e4ssig in den USA, CA 94043, 1600 Amphitheatre Parkway, Mountain View.. Durch Herunterscrollen und die Nutzung der auf dieser Website eingebetteten Funktionen von Google Maps erkl\u00e4ren Sie sich mit der Erfassung, Bearbeitung sowie der Nutzung der automatisch erhobenen sowie der von Ihnen eingegeben Daten durch Google, einen seiner Vertreter oder Drittanbieter gem\u00e4\u00df den Nutzungsbedingungen f\u00fcr Google Maps und den Datenschutzbestimmungen von Google einverstanden. Die Datenverarbeitung durch Google beruht auf Art. 6 Abs. 1 S. 1 Buchst. a) DSGVO. Wir erheben und speichern keinerlei Daten im Zusammenhang mit Ihrer Nutzung der auf unserer Website eingebetteten Funktionen von Google Maps.<\/p><p><b>8. Betroffenenrechte<\/b><\/p><p>Sie haben das Recht:<\/p><p>\u2022gem\u00e4\u00df Art. 15 DSGVO Auskunft \u00fcber Ihre von uns verarbeiteten personenbezogenen Daten zu verlangen. Insbesondere k\u00f6nnen Sie Auskunft \u00fcber die Verarbeitungszwecke, die Kategorie der personenbezogenen Daten, die Kategorien von Empf\u00e4ngern, gegen\u00fcber denen Ihre Daten offengelegt wurden oder werden, die geplante Speicherdauer, das Bestehen eines Rechts auf Berichtigung, L\u00f6schung, Einschr\u00e4nkung der Verarbeitung oder Widerspruch, das Bestehen eines Beschwerderechts, die Herkunft ihrer Daten, sofern diese nicht bei uns erhoben wurden, sowie \u00fcber das Bestehen einer automatisierten Entscheidungsfindung einschlie\u00dflich Profiling und ggf. aussagekr\u00e4ftigen Informationen zu deren Einzelheiten verlangen. Kein Auskunftsrecht besteht, wenn die Erteilung der begehrten Informationen gegen die Verschwiegenheitspflicht gem. \u00a7 57 StBerG versto\u00dfen w\u00fcrde oder die Informationen aus sonstigen Gr\u00fcnden, insbesondere wegen eines \u00fcberwiegenden berechtigten Interesses eines Dritten, geheim gehalten werden m\u00fcssen;<\/p><p>\u2022gem\u00e4\u00df Art. 16 DSGVO unverz\u00fcglich die Berichtigung unrichtiger oder Vervollst\u00e4ndigung Ihrer bei uns gespeicherten personenbezogenen Daten zu verlangen;<\/p><p>\u2022gem\u00e4\u00df Art. 17 DSGVO die L\u00f6schung Ihrer bei uns gespeicherten personenbezogenen Daten zu verlangen, soweit nicht die Verarbeitung zur Aus\u00fcbung des Rechts auf freie Meinungs\u00e4u\u00dferung und Information, zur Erf\u00fcllung einer rechtlichen Verpflichtung, aus Gr\u00fcnden des \u00f6ffentlichen Interesses oder zur Geltendmachung, Aus\u00fcbung oder Verteidigung von Rechtsanspr\u00fcchen erforderlich ist;<\/p><p>\u2022gem\u00e4\u00df Art. 18 DSGVO die Einschr\u00e4nkung der Verarbeitung Ihrer personenbezogenen Daten zu verlangen, soweit die Richtigkeit der Daten von Ihnen bestritten wird, die Verarbeitung unrechtm\u00e4\u00dfig ist, Sie aber deren L\u00f6schung ablehnen und wir die Daten nicht mehr ben\u00f6tigen, Sie jedoch diese zur Geltendmachung, Aus\u00fcbung oder Verteidigung von Rechtsanspr\u00fcchen ben\u00f6tigen oder Sie gem\u00e4\u00df Art. 21 DSGVO Widerspruch gegen die Verarbeitung eingelegt haben;<\/p><p>\u2022gem\u00e4\u00df Art. 20 DSGVO Ihre personenbezogenen Daten, die Sie uns bereitgestellt haben, in einem strukturierten, g\u00e4ngigen und maschinenlesebaren Format zu erhalten oder die \u00dcbermittlung an einen anderen Verantwortlichen zu verlangen;<\/p><p>\u2022gem\u00e4\u00df Art. 7 Abs. 3 DSGVO Ihre einmal erteilte Einwilligung jederzeit gegen\u00fcber uns zu widerrufen. Dies hat zur Folge, dass wir die Datenverarbeitung, die auf dieser Einwilligung beruhte, f\u00fcr die Zukunft nicht mehr fortf\u00fchren d\u00fcrfen und<\/p><p>\u2022gem\u00e4\u00df Art. 77 DSGVO sich bei einer Aufsichtsbeh\u00f6rde zu beschweren. In der Regel k\u00f6nnen Sie sich hierf\u00fcr an die Aufsichtsbeh\u00f6rde Ihres \u00fcblichen Aufenthaltsortes oder Arbeitsplatzes oder unseres Kanzleisitzes wenden.<\/p><p><b>9. Widerspruchsrecht<\/b><\/p><p>Sofern Ihre personenbezogenen Daten auf Grundlage von berechtigten Interessen gem\u00e4\u00df Art. 6 Abs. 1 S. 1 Buchst. f) DSGVO verarbeitet werden, haben Sie das Recht, gem\u00e4\u00df Art. 21 DSGVO Widerspruch gegen die Verarbeitung Ihrer personenbezogenen Daten einzulegen, soweit daf\u00fcr Gr\u00fcnde vorliegen, die sich aus Ihrer besonderen Situation ergeben oder sich der Widerspruch gegen Direktwerbung richtet. Im letzteren Fall haben Sie ein generelles Widerspruchsrecht, das ohne Angabe einer besonderen Situation von uns umgesetzt wird. M\u00f6chten Sie von Ihrem Widerrufs- oder Widerspruchsrecht Gebrauch machen, gen\u00fcgt eine E-Mail an info@f25.tax<\/p><p><b>10. Aktualit\u00e4t und \u00c4nderung dieser Datenschutzerkl\u00e4rung<\/b><\/p><p>Diese Datenschutzerkl\u00e4rung ist aktuell g\u00fcltig und hat den Stand April 2025. Durch die Weiterentwicklung unserer Website und Angebote dar\u00fcber oder aufgrund ge\u00e4nderter gesetzlicher beziehungsweise beh\u00f6rdlicher Vorgaben kann es notwendig werden, diese Datenschutzerkl\u00e4rung zu \u00e4ndern.<\/p>\t\t\t\t\t\t\t\t<\/div>\n\t\t\t\t<\/div>\n\t\t\t\t<div class=\"elementor-element elementor-element-e113e68 elementor-widget elementor-widget-spacer\" data-id=\"e113e68\" data-element_type=\"widget\" data-e-type=\"widget\" data-widget_type=\"spacer.default\">\n\t\t\t\t<div class=\"elementor-widget-container\">\n\t\t\t\t\t\t\t<div class=\"elementor-spacer\">\n\t\t\t<div class=\"elementor-spacer-inner\"><\/div>\n\t\t<\/div>\n\t\t\t\t\t\t<\/div>\n\t\t\t\t<\/div>\n\t\t\t\t\t<\/div>\n\t\t\t\t<\/div>\n\t\t\t\t<\/div>\n\t\t","protected":false},"excerpt":{"rendered":"<p>Datenschutzerkl\u00e4rung 1. Name und Kontaktdaten des f\u00fcr die Verarbeitung Verantwortlichen sowie des betrieblichen Datenschutzbeauftragten Verantwortlicher f\u00fcr die Datenverarbeitung im Sinne des Art. 4 Nr. 7 DSGVO ist: F25 Steuerberater GmbHErich-Steinfurth-Stra\u00dfe 610243 Berlin T. +49 30 54703860 2. Erhebung und Speicherung personenbezogener Daten sowie Art und Zweck von deren Verwendung Beim Besuch der Website Beim Aufrufen [&hellip;]<\/p>\n","protected":false},"author":1,"featured_media":0,"parent":0,"menu_order":0,"comment_status":"closed","ping_status":"closed","template":"elementor_header_footer","meta":{"footnotes":""},"class_list":["post-816","page","type-page","status-publish","hentry"],"_links":{"self":[{"href":"https:\/\/f25.tax\/index.php?rest_route=\/wp\/v2\/pages\/816","targetHints":{"allow":["GET"]}}],"collection":[{"href":"https:\/\/f25.tax\/index.php?rest_route=\/wp\/v2\/pages"}],"about":[{"href":"https:\/\/f25.tax\/index.php?rest_route=\/wp\/v2\/types\/page"}],"author":[{"embeddable":true,"href":"https:\/\/f25.tax\/index.php?rest_route=\/wp\/v2\/users\/1"}],"replies":[{"embeddable":true,"href":"https:\/\/f25.tax\/index.php?rest_route=%2Fwp%2Fv2%2Fcomments&post=816"}],"version-history":[{"count":19,"href":"https:\/\/f25.tax\/index.php?rest_route=\/wp\/v2\/pages\/816\/revisions"}],"predecessor-version":[{"id":1285,"href":"https:\/\/f25.tax\/index.php?rest_route=\/wp\/v2\/pages\/816\/revisions\/1285"}],"wp:attachment":[{"href":"https:\/\/f25.tax\/index.php?rest_route=%2Fwp%2Fv2%2Fmedia&parent=816"}],"curies":[{"name":"wp","href":"https:\/\/api.w.org\/{rel}","templated":true}]}}